{"id":730,"date":"2020-02-16T19:02:20","date_gmt":"2020-02-16T19:02:20","guid":{"rendered":"http:\/\/swinging-luebeck.de\/?page_id=730"},"modified":"2020-02-16T19:13:49","modified_gmt":"2020-02-16T19:13:49","slug":"newsletteranmeldung","status":"publish","type":"page","link":"https:\/\/swinging-luebeck.de\/?page_id=730","title":{"rendered":"Anmeldung f\u00fcr den Newsletter"},"content":{"rendered":"\n<p>Du willst regelm\u00e4\u00dfig auf dem Laufenden bleiben?<br>Melde dich f\u00fcr den Swinging L\u00fcbeck Newsletter an und schreibe mir eine kurze Nachricht mit deinem Namen und Mailadresse an: <a href=\"mailto:post@swinging-luebeck.de\">post@swinging-luebeck.de<\/a><\/p>\n\n\n\n<p>In regelm\u00e4\u00dfigen Abst\u00e4nden informiere ich Dich mit&nbsp;dem Swinging L\u00fcbeck&nbsp;Newsletter \u00fcber Veranstaltungen und Neuigkeiten rund um den Lindy Hop in der Hansestadt L\u00fcbeck.<\/p>\n\n\n\n<p>Set dem 25. Mai 2018 ist die EU-Datenschutz-Grundverordnung (EU-DSGVO) in Kraft. Es ist&nbsp;mir ein Anliegen,&nbsp;Dich dar\u00fcber zu informieren, dass ich Deine pers\u00f6nlichen Daten (Name und E-Mail-Adresse) ausschlie\u00dflich f\u00fcr den Versand&nbsp;meines Newsletters verwenden und unter keinen Umst\u00e4nden an Dritte weitergeben.&nbsp;Deine Pers\u00f6nlichkeitsrechte haben h\u00f6chste Priorit\u00e4t f\u00fcr&nbsp;mich. Auf Anfrage gebe ich Dir gerne Auskunft dar\u00fcber, welche Deiner personenbezogenen Daten bei mir gespeichert sind.<\/p>\n\n\n\n<p>Solltest Du&nbsp;in Zukunft keine Newsletter von mir erhalten wollen, sende bitte eine Email mit entsprechendem Betreff wie z.B. \u201cAustragen&nbsp;aus dem Newsletter\u201d&nbsp;an <a href=\"mailto:post@swinging-luebeck.de\" target=\"_blank\" rel=\"noreferrer noopener\" aria-label=\"post@swinging-luebeck.de (\u00f6ffnet in neuem Tab)\">post@swinging-luebeck.de<\/a>. Ich werde die von Dir gespeicherten Daten dann umgehend l\u00f6schen.<\/p>\n\n\n\n<p>Ich freue mich, wenn Du mir Dein Vertrauen schenkst und ich&nbsp;Dich auf dem Laufenden halten darf.<\/p>\n","protected":false},"excerpt":{"rendered":"<p>Du willst regelm\u00e4\u00dfig auf dem Laufenden bleiben?Melde dich f\u00fcr den Swinging L\u00fcbeck Newsletter an und schreibe mir eine kurze Nachricht mit deinem Namen und Mailadresse an: post@swinging-luebeck.de In regelm\u00e4\u00dfigen Abst\u00e4nden informiere ich Dich mit&nbsp;dem Swinging L\u00fcbeck&nbsp;Newsletter \u00fcber Veranstaltungen und Neuigkeiten rund um den Lindy Hop in der Hansestadt L\u00fcbeck. Set dem 25. Mai 2018 ist &hellip; <\/p>\n<p class=\"link-more\"><a href=\"https:\/\/swinging-luebeck.de\/?page_id=730\" class=\"more-link\"><span class=\"screen-reader-text\">\u201eAnmeldung f\u00fcr den Newsletter\u201c<\/span> weiterlesen<\/a><\/p>\n","protected":false},"author":1,"featured_media":0,"parent":0,"menu_order":0,"comment_status":"closed","ping_status":"closed","template":"","meta":{"footnotes":""},"_links":{"self":[{"href":"https:\/\/swinging-luebeck.de\/index.php?rest_route=\/wp\/v2\/pages\/730"}],"collection":[{"href":"https:\/\/swinging-luebeck.de\/index.php?rest_route=\/wp\/v2\/pages"}],"about":[{"href":"https:\/\/swinging-luebeck.de\/index.php?rest_route=\/wp\/v2\/types\/page"}],"author":[{"embeddable":true,"href":"https:\/\/swinging-luebeck.de\/index.php?rest_route=\/wp\/v2\/users\/1"}],"replies":[{"embeddable":true,"href":"https:\/\/swinging-luebeck.de\/index.php?rest_route=%2Fwp%2Fv2%2Fcomments&post=730"}],"version-history":[{"count":5,"href":"https:\/\/swinging-luebeck.de\/index.php?rest_route=\/wp\/v2\/pages\/730\/revisions"}],"predecessor-version":[{"id":736,"href":"https:\/\/swinging-luebeck.de\/index.php?rest_route=\/wp\/v2\/pages\/730\/revisions\/736"}],"wp:attachment":[{"href":"https:\/\/swinging-luebeck.de\/index.php?rest_route=%2Fwp%2Fv2%2Fmedia&parent=730"}],"curies":[{"name":"wp","href":"https:\/\/api.w.org\/{rel}","templated":true}]}}